{"id":129,"date":"2026-01-13T11:26:50","date_gmt":"2026-01-13T10:26:50","guid":{"rendered":"https:\/\/latelier-du-jardinier.com\/?page_id=129"},"modified":"2026-01-28T14:52:43","modified_gmt":"2026-01-28T13:52:43","slug":"amenagement-jardin-rouen","status":"publish","type":"page","link":"https:\/\/latelier-du-jardinier.com\/?page_id=129","title":{"rendered":"Expertise"},"content":{"rendered":"\t\t<div data-elementor-type=\"wp-page\" data-elementor-id=\"129\" class=\"elementor elementor-129\">\n\t\t\t\t<div class=\"elementor-element elementor-element-7113eaca e-flex e-con-boxed e-con e-parent\" data-id=\"7113eaca\" data-element_type=\"container\">\n\t\t\t\t\t<div class=\"e-con-inner\">\n\t\t\t\t<div class=\"elementor-element elementor-element-2909e165 elementor-widget elementor-widget-text-editor\" data-id=\"2909e165\" data-element_type=\"widget\" data-widget_type=\"text-editor.default\">\n\t\t\t\t\t\t\t\t\t\n<p>L&rsquo;atelier du jardinier vous propose une expertise pointue service de vos espaces ext\u00e9rieurs. Nos comp\u00e9tences solides en mati\u00e8re d&rsquo;architecture du paysage sur de multiples \u00e9chelles associ\u00e9 \u00e0 une forte exp\u00e9rience de terrain nous permettent de vous proposer des projets adapt\u00e9s.<\/p>\n\n<p>Regarder, \u00e9couter, comprendre, voil\u00e0 la d\u00e9marche qui nous guide pour d\u00e9velopper des projets s&rsquo;inscrivant pleinement dans leur environnement tout en r\u00e9v\u00e9lant l\u2019\u00e2me des lieux et de ces occupants.<\/p>\n\n<p>Chez L&rsquo;atelier du Jardinier, nous sommes convaincues que chaque jardin est unique et m\u00e9rite une attention particuli\u00e8re, peu importe l\u2019\u00e9chelle, peu importe le budget, nous avons \u00e0 c\u0153ur de proposer des espaces durables et de qualit\u00e9.<\/p>\n\n<div class=\"wp-block-spacer\" style=\"height: 100px;\" aria-hidden=\"true\">\u00a0<\/div>\n<hr class=\"wp-block-separator has-alpha-channel-opacity\" \/>\n<div class=\"wp-block-spacer\" style=\"height: 100px;\" aria-hidden=\"true\">\u00a0<\/div>\n\n<div class=\"wp-block-uagb-advanced-heading uagb-block-e3d8bf29\">\n<h2 class=\"uagb-heading-text\">Un projet par \u00e9tape<\/h2>\n<\/div>\n\n<div class=\"wp-block-spacer\" style=\"height: 100px;\" aria-hidden=\"true\">\u00a0<\/div>\n\n<div class=\"wp-block-columns is-layout-flex wp-container-core-columns-is-layout-28f84493 wp-block-columns-is-layout-flex\">\n<div class=\"wp-block-column is-layout-flow wp-block-column-is-layout-flow\" style=\"flex-basis: 33.33%;\">\n<figure class=\"wp-block-image size-large\"><img fetchpriority=\"high\" decoding=\"async\" width=\"1024\" height=\"576\" class=\"wp-image-60\" style=\"aspect-ratio: 3\/2; object-fit: cover;\" src=\"http:\/\/latelier-du-jardinier.com\/wp-content\/uploads\/2026\/01\/PERS-ESQ-1_3-Photo-1024x576.jpg\" alt=\"\" srcset=\"https:\/\/latelier-du-jardinier.com\/wp-content\/uploads\/2026\/01\/PERS-ESQ-1_3-Photo-1024x576.jpg 1024w, https:\/\/latelier-du-jardinier.com\/wp-content\/uploads\/2026\/01\/PERS-ESQ-1_3-Photo-300x169.jpg 300w, https:\/\/latelier-du-jardinier.com\/wp-content\/uploads\/2026\/01\/PERS-ESQ-1_3-Photo-768x432.jpg 768w, https:\/\/latelier-du-jardinier.com\/wp-content\/uploads\/2026\/01\/PERS-ESQ-1_3-Photo-1536x864.jpg 1536w, https:\/\/latelier-du-jardinier.com\/wp-content\/uploads\/2026\/01\/PERS-ESQ-1_3-Photo-500x281.jpg 500w, https:\/\/latelier-du-jardinier.com\/wp-content\/uploads\/2026\/01\/PERS-ESQ-1_3-Photo-800x450.jpg 800w, https:\/\/latelier-du-jardinier.com\/wp-content\/uploads\/2026\/01\/PERS-ESQ-1_3-Photo-1280x720.jpg 1280w, https:\/\/latelier-du-jardinier.com\/wp-content\/uploads\/2026\/01\/PERS-ESQ-1_3-Photo.jpg 1920w\" sizes=\"(max-width: 1024px) 100vw, 1024px\" \/><\/figure>\n<\/div>\n\n<div class=\"wp-block-column is-layout-flow wp-block-column-is-layout-flow\" style=\"flex-basis: 66.66%;\">\n<p class=\"has-large-font-size\">Conception<\/p>\n\n<p>Tout commence lors d&rsquo;un premier rendez-vous sur place. Cette rencontre est l&rsquo;occasion de d\u00e9couvrir votre jardin, d&rsquo;\u00e9changer sur vos envies, vos besoins et vos go\u00fbts. Ce premier entre vue conduit \u00e0 la production d&rsquo;un dossier appel\u00e9 phase Esquisse qui d\u00e9taille les ambiances et l&rsquo;am\u00e9nagement global propos\u00e9. Au fur et \u00e0 mesure des \u00e9changes, le dossier s&rsquo;affine et se construit pour arriver au projet final avec une offre de prix.<\/p>\n<\/div>\n<\/div>\n<hr class=\"wp-block-separator has-alpha-channel-opacity\" \/>\n<div class=\"wp-block-columns is-layout-flex wp-container-core-columns-is-layout-28f84493 wp-block-columns-is-layout-flex\">\n<div class=\"wp-block-column is-layout-flow wp-block-column-is-layout-flow\" style=\"flex-basis: 66.66%;\">\n<p class=\"has-large-font-size\" style=\"font-style: normal; font-weight: 800;\"><strong>R\u00e9alisation<\/strong><\/p>\n\n<p>Notre expertise dans de nombreux domaines en mati\u00e8re d&rsquo;am\u00e9nagement paysager nous permet de vous proposer des prestations de haute qualit\u00e9. Conform\u00e9ment aux plans \u00e9labor\u00e9s en phase de conception ou bien \u00e0 partir d&rsquo;un projet dessin\u00e9 par vous-m\u00eame, pelleteuse, pioche et autres outils entrent en action pour former votre futur jardin. Chez l&rsquo;Atelier du Jardinier, peu importe l\u2019\u00e9chelle du chantier, l\u2019exigence reste la m\u00eame, nous sommes attentifs aux moindres d\u00e9tails afin de proposer des prestations \u00e0 la hauteur de nos clients.<\/p>\n<\/div>\n\n<div class=\"wp-block-column is-layout-flow wp-block-column-is-layout-flow\" style=\"flex-basis: 33.33%;\">\n<figure class=\"wp-block-image size-large is-style-default\"><img decoding=\"async\" width=\"576\" height=\"1024\" class=\"wp-image-39\" style=\"aspect-ratio: 3\/2; object-fit: cover;\" src=\"http:\/\/latelier-du-jardinier.com\/wp-content\/uploads\/2026\/01\/20251108_124459-576x1024.jpg\" alt=\"\" srcset=\"https:\/\/latelier-du-jardinier.com\/wp-content\/uploads\/2026\/01\/20251108_124459-576x1024.jpg 576w, https:\/\/latelier-du-jardinier.com\/wp-content\/uploads\/2026\/01\/20251108_124459-169x300.jpg 169w, https:\/\/latelier-du-jardinier.com\/wp-content\/uploads\/2026\/01\/20251108_124459-768x1365.jpg 768w, https:\/\/latelier-du-jardinier.com\/wp-content\/uploads\/2026\/01\/20251108_124459-864x1536.jpg 864w, https:\/\/latelier-du-jardinier.com\/wp-content\/uploads\/2026\/01\/20251108_124459-1152x2048.jpg 1152w, https:\/\/latelier-du-jardinier.com\/wp-content\/uploads\/2026\/01\/20251108_124459-500x889.jpg 500w, https:\/\/latelier-du-jardinier.com\/wp-content\/uploads\/2026\/01\/20251108_124459-800x1422.jpg 800w, https:\/\/latelier-du-jardinier.com\/wp-content\/uploads\/2026\/01\/20251108_124459-1280x2276.jpg 1280w, https:\/\/latelier-du-jardinier.com\/wp-content\/uploads\/2026\/01\/20251108_124459-1920x3413.jpg 1920w, https:\/\/latelier-du-jardinier.com\/wp-content\/uploads\/2026\/01\/20251108_124459-scaled.jpg 1440w\" sizes=\"(max-width: 576px) 100vw, 576px\" \/><\/figure>\n<\/div>\n<\/div>\n<hr class=\"wp-block-separator has-alpha-channel-opacity\" \/>\n<div class=\"wp-block-columns is-layout-flex wp-container-core-columns-is-layout-28f84493 wp-block-columns-is-layout-flex\">\n<div class=\"wp-block-column is-layout-flow wp-block-column-is-layout-flow\" style=\"flex-basis: 33.33%;\">\n<figure class=\"wp-block-image size-large\"><img decoding=\"async\" width=\"1024\" height=\"576\" class=\"wp-image-201\" style=\"aspect-ratio: 3\/2; object-fit: cover;\" src=\"http:\/\/latelier-du-jardinier.com\/wp-content\/uploads\/2026\/01\/20250827_103044-1024x576.jpg\" alt=\"\" srcset=\"https:\/\/latelier-du-jardinier.com\/wp-content\/uploads\/2026\/01\/20250827_103044-1024x576.jpg 1024w, https:\/\/latelier-du-jardinier.com\/wp-content\/uploads\/2026\/01\/20250827_103044-300x169.jpg 300w, https:\/\/latelier-du-jardinier.com\/wp-content\/uploads\/2026\/01\/20250827_103044-768x432.jpg 768w, https:\/\/latelier-du-jardinier.com\/wp-content\/uploads\/2026\/01\/20250827_103044-1536x864.jpg 1536w, https:\/\/latelier-du-jardinier.com\/wp-content\/uploads\/2026\/01\/20250827_103044-2048x1152.jpg 2048w, https:\/\/latelier-du-jardinier.com\/wp-content\/uploads\/2026\/01\/20250827_103044-500x281.jpg 500w, https:\/\/latelier-du-jardinier.com\/wp-content\/uploads\/2026\/01\/20250827_103044-800x450.jpg 800w, https:\/\/latelier-du-jardinier.com\/wp-content\/uploads\/2026\/01\/20250827_103044-1280x720.jpg 1280w, https:\/\/latelier-du-jardinier.com\/wp-content\/uploads\/2026\/01\/20250827_103044-1920x1080.jpg 1920w\" sizes=\"(max-width: 1024px) 100vw, 1024px\" \/><\/figure>\n<\/div>\n\n<div class=\"wp-block-column is-layout-flow wp-block-column-is-layout-flow\" style=\"flex-basis: 66.66%;\">\n<p class=\"has-large-font-size\">Suivie<\/p>\n\n<p>Chez l&rsquo;Atelier du jardinier, nous mettons un point d&rsquo;honneur \u00e0 accompagner nos clients bien-sur pendant les travaux, mais aussi apr\u00e8s. Le constat de reprise est la premi\u00e8re \u00e9tape qui permet de contr\u00f4ler la bonne reprise de l&rsquo;ensemble des v\u00e9g\u00e9taux. Plusieurs rendez-vous peuvent \u00eatre organis\u00e9s pour suivre l&rsquo;\u00e9volution du jardin et ainsi pr\u00e9voir un entretien r\u00e9alis\u00e9 par nos soins ou une s\u00e9ance de conseils qui vous permettra d\u2019\u00eatre autonome dans l&rsquo;entretien.<\/p>\n<\/div>\n<\/div>\n\n<p>\u00a0<\/p>\n\n<p class=\"has-text-align-center\">Vous l&rsquo;aurez compris, faire appel \u00e0 L&rsquo;atelier du Jardinier, c&rsquo;est choisir la qualit\u00e9 et la s\u00e9r\u00e9nit\u00e9 !<\/p>\n\n<div class=\"wp-block-spacer\" style=\"height: 100px;\" aria-hidden=\"true\">\u00a0<\/div>\n<hr class=\"wp-block-separator has-alpha-channel-opacity\" \/>\t\t\t\t\t\t\t\t<\/div>\n\t\t\t\t\t<\/div>\n\t\t\t\t<\/div>\n\t\t<div class=\"elementor-element elementor-element-5e6f2d9 e-flex e-con-boxed e-con e-parent\" data-id=\"5e6f2d9\" data-element_type=\"container\">\n\t\t\t\t\t<div class=\"e-con-inner\">\n\t\t\t\t\t<\/div>\n\t\t\t\t<\/div>\n\t\t\t\t<\/div>\n\t\t","protected":false},"excerpt":{"rendered":"<p>Chez L\u2019atelier du jardinier, nous croyons que chaque jardin est unique. Nous allions la rigueur de l&rsquo;architecture du paysage \u00e0 la r\u00e9alit\u00e9 du terrain pour transformer votre ext\u00e9rieur. \u2705 Une expertise multi-\u00e9chelle : Du petit jardin de ville au vaste domaine paysager. \u2705 Une approche sensible : Une \u00e9coute attentive pour r\u00e9v\u00e9ler l\u2019identit\u00e9 de votre [&hellip;]<\/p>\n","protected":false},"author":1,"featured_media":0,"parent":0,"menu_order":0,"comment_status":"closed","ping_status":"closed","template":"","meta":{"_uag_custom_page_level_css":"","_vp_format_video_url":"","_vp_image_focal_point":[],"footnotes":""},"class_list":["post-129","page","type-page","status-publish","hentry"],"blocksy_meta":[],"yoast_head":"<!-- This site is optimized with the Yoast SEO plugin v26.7 - https:\/\/yoast.com\/wordpress\/plugins\/seo\/ -->\n<title>L&#039;atelier du jardinier - Architecte paysagiste \u00e0 Rouen<\/title>\n<meta name=\"description\" content=\"Conception de jardins sur mesure et am\u00e9nagement paysager. Transformons votre ext\u00e9rieur en un espace unique et durable. Contactez-nous pour votre projet !\" \/>\n<meta name=\"robots\" content=\"index, follow, max-snippet:-1, max-image-preview:large, max-video-preview:-1\" \/>\n<link rel=\"canonical\" href=\"http:\/\/latelier-du-jardinier.com\/?page_id=129\" \/>\n<meta property=\"og:locale\" content=\"fr_FR\" \/>\n<meta property=\"og:type\" content=\"article\" \/>\n<meta property=\"og:title\" content=\"L&#039;atelier du jardinier - Architecte paysagiste \u00e0 Rouen\" \/>\n<meta property=\"og:description\" content=\"Conception de jardins sur mesure et am\u00e9nagement paysager. Transformons votre ext\u00e9rieur en un espace unique et durable. Contactez-nous pour votre projet !\" \/>\n<meta property=\"og:url\" content=\"http:\/\/latelier-du-jardinier.com\/?page_id=129\" \/>\n<meta property=\"og:site_name\" content=\"L&#039;atelier du jardinier\" \/>\n<meta property=\"article:modified_time\" content=\"2026-01-28T13:52:43+00:00\" \/>\n<meta property=\"og:image\" content=\"http:\/\/latelier-du-jardinier.com\/wp-content\/uploads\/2026\/01\/PERS-ESQ-1_3-Photo-1024x576.jpg\" \/>\n<meta name=\"twitter:card\" content=\"summary_large_image\" \/>\n<meta name=\"twitter:label1\" content=\"Dur\u00e9e de lecture estim\u00e9e\" \/>\n\t<meta name=\"twitter:data1\" content=\"3 minutes\" \/>\n<script type=\"application\/ld+json\" class=\"yoast-schema-graph\">{\"@context\":\"https:\/\/schema.org\",\"@graph\":[{\"@type\":\"WebPage\",\"@id\":\"http:\/\/latelier-du-jardinier.com\/?page_id=129\",\"url\":\"http:\/\/latelier-du-jardinier.com\/?page_id=129\",\"name\":\"L'atelier du jardinier - Architecte paysagiste \u00e0 Rouen\",\"isPartOf\":{\"@id\":\"http:\/\/latelier-du-jardinier.com\/#website\"},\"primaryImageOfPage\":{\"@id\":\"http:\/\/latelier-du-jardinier.com\/?page_id=129#primaryimage\"},\"image\":{\"@id\":\"http:\/\/latelier-du-jardinier.com\/?page_id=129#primaryimage\"},\"thumbnailUrl\":\"http:\/\/latelier-du-jardinier.com\/wp-content\/uploads\/2026\/01\/PERS-ESQ-1_3-Photo-1024x576.jpg\",\"datePublished\":\"2026-01-13T10:26:50+00:00\",\"dateModified\":\"2026-01-28T13:52:43+00:00\",\"description\":\"Conception de jardins sur mesure et am\u00e9nagement paysager. Transformons votre ext\u00e9rieur en un espace unique et durable. Contactez-nous pour votre projet !\",\"breadcrumb\":{\"@id\":\"http:\/\/latelier-du-jardinier.com\/?page_id=129#breadcrumb\"},\"inLanguage\":\"fr-FR\",\"potentialAction\":[{\"@type\":\"ReadAction\",\"target\":[\"http:\/\/latelier-du-jardinier.com\/?page_id=129\"]}]},{\"@type\":\"ImageObject\",\"inLanguage\":\"fr-FR\",\"@id\":\"http:\/\/latelier-du-jardinier.com\/?page_id=129#primaryimage\",\"url\":\"https:\/\/latelier-du-jardinier.com\/wp-content\/uploads\/2026\/01\/PERS-ESQ-1_3-Photo.jpg\",\"contentUrl\":\"https:\/\/latelier-du-jardinier.com\/wp-content\/uploads\/2026\/01\/PERS-ESQ-1_3-Photo.jpg\",\"width\":1920,\"height\":1080},{\"@type\":\"BreadcrumbList\",\"@id\":\"http:\/\/latelier-du-jardinier.com\/?page_id=129#breadcrumb\",\"itemListElement\":[{\"@type\":\"ListItem\",\"position\":1,\"name\":\"Accueil\",\"item\":\"http:\/\/latelier-du-jardinier.com\/\"},{\"@type\":\"ListItem\",\"position\":2,\"name\":\"Expertise\"}]},{\"@type\":\"WebSite\",\"@id\":\"http:\/\/latelier-du-jardinier.com\/#website\",\"url\":\"http:\/\/latelier-du-jardinier.com\/\",\"name\":\"L'atelier du Jardinier\",\"description\":\"Cr\u00e9ateur de jardins\",\"publisher\":{\"@id\":\"http:\/\/latelier-du-jardinier.com\/#organization\"},\"potentialAction\":[{\"@type\":\"SearchAction\",\"target\":{\"@type\":\"EntryPoint\",\"urlTemplate\":\"http:\/\/latelier-du-jardinier.com\/?s={search_term_string}\"},\"query-input\":{\"@type\":\"PropertyValueSpecification\",\"valueRequired\":true,\"valueName\":\"search_term_string\"}}],\"inLanguage\":\"fr-FR\"},{\"@type\":\"Organization\",\"@id\":\"http:\/\/latelier-du-jardinier.com\/#organization\",\"name\":\"L'atelier du Jardinier\",\"url\":\"http:\/\/latelier-du-jardinier.com\/\",\"logo\":{\"@type\":\"ImageObject\",\"inLanguage\":\"fr-FR\",\"@id\":\"http:\/\/latelier-du-jardinier.com\/#\/schema\/logo\/image\/\",\"url\":\"https:\/\/latelier-du-jardinier.com\/wp-content\/uploads\/2026\/01\/LOGO-ATELIER-DU-JARDINIER-scaled.png\",\"contentUrl\":\"https:\/\/latelier-du-jardinier.com\/wp-content\/uploads\/2026\/01\/LOGO-ATELIER-DU-JARDINIER-scaled.png\",\"width\":2560,\"height\":1811,\"caption\":\"L'atelier du Jardinier\"},\"image\":{\"@id\":\"http:\/\/latelier-du-jardinier.com\/#\/schema\/logo\/image\/\"}}]}<\/script>\n<!-- \/ Yoast SEO plugin. -->","yoast_head_json":{"title":"L'atelier du jardinier - Architecte paysagiste \u00e0 Rouen","description":"Conception de jardins sur mesure et am\u00e9nagement paysager. Transformons votre ext\u00e9rieur en un espace unique et durable. Contactez-nous pour votre projet !","robots":{"index":"index","follow":"follow","max-snippet":"max-snippet:-1","max-image-preview":"max-image-preview:large","max-video-preview":"max-video-preview:-1"},"canonical":"http:\/\/latelier-du-jardinier.com\/?page_id=129","og_locale":"fr_FR","og_type":"article","og_title":"L'atelier du jardinier - Architecte paysagiste \u00e0 Rouen","og_description":"Conception de jardins sur mesure et am\u00e9nagement paysager. Transformons votre ext\u00e9rieur en un espace unique et durable. Contactez-nous pour votre projet !","og_url":"http:\/\/latelier-du-jardinier.com\/?page_id=129","og_site_name":"L&#039;atelier du jardinier","article_modified_time":"2026-01-28T13:52:43+00:00","og_image":[{"url":"http:\/\/latelier-du-jardinier.com\/wp-content\/uploads\/2026\/01\/PERS-ESQ-1_3-Photo-1024x576.jpg","type":"","width":"","height":""}],"twitter_card":"summary_large_image","twitter_misc":{"Dur\u00e9e de lecture estim\u00e9e":"3 minutes"},"schema":{"@context":"https:\/\/schema.org","@graph":[{"@type":"WebPage","@id":"http:\/\/latelier-du-jardinier.com\/?page_id=129","url":"http:\/\/latelier-du-jardinier.com\/?page_id=129","name":"L'atelier du jardinier - Architecte paysagiste \u00e0 Rouen","isPartOf":{"@id":"http:\/\/latelier-du-jardinier.com\/#website"},"primaryImageOfPage":{"@id":"http:\/\/latelier-du-jardinier.com\/?page_id=129#primaryimage"},"image":{"@id":"http:\/\/latelier-du-jardinier.com\/?page_id=129#primaryimage"},"thumbnailUrl":"http:\/\/latelier-du-jardinier.com\/wp-content\/uploads\/2026\/01\/PERS-ESQ-1_3-Photo-1024x576.jpg","datePublished":"2026-01-13T10:26:50+00:00","dateModified":"2026-01-28T13:52:43+00:00","description":"Conception de jardins sur mesure et am\u00e9nagement paysager. Transformons votre ext\u00e9rieur en un espace unique et durable. Contactez-nous pour votre projet !","breadcrumb":{"@id":"http:\/\/latelier-du-jardinier.com\/?page_id=129#breadcrumb"},"inLanguage":"fr-FR","potentialAction":[{"@type":"ReadAction","target":["http:\/\/latelier-du-jardinier.com\/?page_id=129"]}]},{"@type":"ImageObject","inLanguage":"fr-FR","@id":"http:\/\/latelier-du-jardinier.com\/?page_id=129#primaryimage","url":"https:\/\/latelier-du-jardinier.com\/wp-content\/uploads\/2026\/01\/PERS-ESQ-1_3-Photo.jpg","contentUrl":"https:\/\/latelier-du-jardinier.com\/wp-content\/uploads\/2026\/01\/PERS-ESQ-1_3-Photo.jpg","width":1920,"height":1080},{"@type":"BreadcrumbList","@id":"http:\/\/latelier-du-jardinier.com\/?page_id=129#breadcrumb","itemListElement":[{"@type":"ListItem","position":1,"name":"Accueil","item":"http:\/\/latelier-du-jardinier.com\/"},{"@type":"ListItem","position":2,"name":"Expertise"}]},{"@type":"WebSite","@id":"http:\/\/latelier-du-jardinier.com\/#website","url":"http:\/\/latelier-du-jardinier.com\/","name":"L'atelier du Jardinier","description":"Cr\u00e9ateur de jardins","publisher":{"@id":"http:\/\/latelier-du-jardinier.com\/#organization"},"potentialAction":[{"@type":"SearchAction","target":{"@type":"EntryPoint","urlTemplate":"http:\/\/latelier-du-jardinier.com\/?s={search_term_string}"},"query-input":{"@type":"PropertyValueSpecification","valueRequired":true,"valueName":"search_term_string"}}],"inLanguage":"fr-FR"},{"@type":"Organization","@id":"http:\/\/latelier-du-jardinier.com\/#organization","name":"L'atelier du Jardinier","url":"http:\/\/latelier-du-jardinier.com\/","logo":{"@type":"ImageObject","inLanguage":"fr-FR","@id":"http:\/\/latelier-du-jardinier.com\/#\/schema\/logo\/image\/","url":"https:\/\/latelier-du-jardinier.com\/wp-content\/uploads\/2026\/01\/LOGO-ATELIER-DU-JARDINIER-scaled.png","contentUrl":"https:\/\/latelier-du-jardinier.com\/wp-content\/uploads\/2026\/01\/LOGO-ATELIER-DU-JARDINIER-scaled.png","width":2560,"height":1811,"caption":"L'atelier du Jardinier"},"image":{"@id":"http:\/\/latelier-du-jardinier.com\/#\/schema\/logo\/image\/"}}]}},"uagb_featured_image_src":{"full":false,"thumbnail":false,"medium":false,"medium_large":false,"large":false,"1536x1536":false,"2048x2048":false,"vp_sm":false,"vp_md":false,"vp_lg":false,"vp_xl":false,"vp_sm_popup":false,"vp_md_popup":false,"vp_xl_popup":false},"uagb_author_info":{"display_name":"admin2627","author_link":"https:\/\/latelier-du-jardinier.com\/?author=1"},"uagb_comment_info":0,"uagb_excerpt":"Chez L\u2019atelier du jardinier, nous croyons que chaque jardin est unique. Nous allions la rigueur de l&rsquo;architecture du paysage \u00e0 la r\u00e9alit\u00e9 du terrain pour transformer votre ext\u00e9rieur. \u2705 Une expertise multi-\u00e9chelle : Du petit jardin de ville au vaste domaine paysager. \u2705 Une approche sensible : Une \u00e9coute attentive pour r\u00e9v\u00e9ler l\u2019identit\u00e9 de votre\u2026","_links":{"self":[{"href":"https:\/\/latelier-du-jardinier.com\/index.php?rest_route=\/wp\/v2\/pages\/129","targetHints":{"allow":["GET"]}}],"collection":[{"href":"https:\/\/latelier-du-jardinier.com\/index.php?rest_route=\/wp\/v2\/pages"}],"about":[{"href":"https:\/\/latelier-du-jardinier.com\/index.php?rest_route=\/wp\/v2\/types\/page"}],"author":[{"embeddable":true,"href":"https:\/\/latelier-du-jardinier.com\/index.php?rest_route=\/wp\/v2\/users\/1"}],"replies":[{"embeddable":true,"href":"https:\/\/latelier-du-jardinier.com\/index.php?rest_route=%2Fwp%2Fv2%2Fcomments&post=129"}],"version-history":[{"count":21,"href":"https:\/\/latelier-du-jardinier.com\/index.php?rest_route=\/wp\/v2\/pages\/129\/revisions"}],"predecessor-version":[{"id":336,"href":"https:\/\/latelier-du-jardinier.com\/index.php?rest_route=\/wp\/v2\/pages\/129\/revisions\/336"}],"wp:attachment":[{"href":"https:\/\/latelier-du-jardinier.com\/index.php?rest_route=%2Fwp%2Fv2%2Fmedia&parent=129"}],"curies":[{"name":"wp","href":"https:\/\/api.w.org\/{rel}","templated":true}]}}