{"id":133,"date":"2026-01-13T18:08:41","date_gmt":"2026-01-13T17:08:41","guid":{"rendered":"https:\/\/latelier-du-jardinier.com\/?page_id=133"},"modified":"2026-01-21T18:08:00","modified_gmt":"2026-01-21T17:08:00","slug":"mentions-legales","status":"publish","type":"page","link":"https:\/\/latelier-du-jardinier.com\/?page_id=133","title":{"rendered":"Mentions l\u00e9gales"},"content":{"rendered":"\n<p>Raison sociale&nbsp;: EI Antoine Legras<\/p>\n\n\n\n<p>Siege sociale&nbsp;: 22 Rue Brisout de Barneville 76100 Rouen<\/p>\n\n\n\n<p>SIREN&nbsp;: 984&nbsp;950&nbsp;659<\/p>\n\n\n\n<p>Tel&nbsp;:&nbsp; 07 78 69 06 10<\/p>\n\n\n\n<p>Mail&nbsp;: latelierdujardinier76mail.com<\/p>\n\n\n\n<p>\u00a9 2026 L&rsquo;atelier du jardinier | Cr\u00e9ateur de jardins | Tous droits r\u00e9serv\u00e9s<\/p>\n\n\n\n<p><\/p>\n","protected":false},"excerpt":{"rendered":"<p>Raison sociale&nbsp;: EI Antoine Legras Siege sociale&nbsp;: 22 Rue Brisout de Barneville 76100 Rouen SIREN&nbsp;: 984&nbsp;950&nbsp;659 Tel&nbsp;:&nbsp; 07 78 69 06 10 Mail&nbsp;: latelierdujardinier76mail.com \u00a9 2026 L&rsquo;atelier du jardinier | Cr\u00e9ateur de jardins | Tous droits r\u00e9serv\u00e9s<\/p>\n","protected":false},"author":1,"featured_media":0,"parent":0,"menu_order":0,"comment_status":"closed","ping_status":"closed","template":"","meta":{"_uag_custom_page_level_css":"","_vp_format_video_url":"","_vp_image_focal_point":[],"footnotes":""},"class_list":["post-133","page","type-page","status-publish","hentry"],"blocksy_meta":[],"yoast_head":"<!-- This site is optimized with the Yoast SEO plugin v26.7 - https:\/\/yoast.com\/wordpress\/plugins\/seo\/ -->\n<title>Mentions l\u00e9gales - L&#039;atelier du jardinier<\/title>\n<meta name=\"description\" content=\"l&#039;atelier du jardinier, paysagiste \u00e0 Rouen. Architecture du paysage\" \/>\n<meta name=\"robots\" content=\"index, follow, max-snippet:-1, max-image-preview:large, max-video-preview:-1\" \/>\n<link rel=\"canonical\" href=\"http:\/\/latelier-du-jardinier.com\/?page_id=133\" \/>\n<meta property=\"og:locale\" content=\"fr_FR\" \/>\n<meta property=\"og:type\" content=\"article\" \/>\n<meta property=\"og:title\" content=\"Mentions l\u00e9gales - L&#039;atelier du jardinier\" \/>\n<meta property=\"og:description\" content=\"l&#039;atelier du jardinier, paysagiste \u00e0 Rouen. Architecture du paysage\" \/>\n<meta property=\"og:url\" content=\"http:\/\/latelier-du-jardinier.com\/?page_id=133\" \/>\n<meta property=\"og:site_name\" content=\"L&#039;atelier du jardinier\" \/>\n<meta property=\"article:modified_time\" content=\"2026-01-21T17:08:00+00:00\" \/>\n<meta name=\"twitter:card\" content=\"summary_large_image\" \/>\n<meta name=\"twitter:label1\" content=\"Dur\u00e9e de lecture estim\u00e9e\" \/>\n\t<meta name=\"twitter:data1\" content=\"1 minute\" \/>\n<script type=\"application\/ld+json\" class=\"yoast-schema-graph\">{\"@context\":\"https:\/\/schema.org\",\"@graph\":[{\"@type\":\"WebPage\",\"@id\":\"http:\/\/latelier-du-jardinier.com\/?page_id=133\",\"url\":\"http:\/\/latelier-du-jardinier.com\/?page_id=133\",\"name\":\"Mentions l\u00e9gales - L&#039;atelier du jardinier\",\"isPartOf\":{\"@id\":\"http:\/\/latelier-du-jardinier.com\/#website\"},\"datePublished\":\"2026-01-13T17:08:41+00:00\",\"dateModified\":\"2026-01-21T17:08:00+00:00\",\"description\":\"l'atelier du jardinier, paysagiste \u00e0 Rouen. Architecture du paysage\",\"breadcrumb\":{\"@id\":\"http:\/\/latelier-du-jardinier.com\/?page_id=133#breadcrumb\"},\"inLanguage\":\"fr-FR\",\"potentialAction\":[{\"@type\":\"ReadAction\",\"target\":[\"http:\/\/latelier-du-jardinier.com\/?page_id=133\"]}]},{\"@type\":\"BreadcrumbList\",\"@id\":\"http:\/\/latelier-du-jardinier.com\/?page_id=133#breadcrumb\",\"itemListElement\":[{\"@type\":\"ListItem\",\"position\":1,\"name\":\"Accueil\",\"item\":\"http:\/\/latelier-du-jardinier.com\/\"},{\"@type\":\"ListItem\",\"position\":2,\"name\":\"Mentions l\u00e9gales\"}]},{\"@type\":\"WebSite\",\"@id\":\"http:\/\/latelier-du-jardinier.com\/#website\",\"url\":\"http:\/\/latelier-du-jardinier.com\/\",\"name\":\"L'atelier du Jardinier\",\"description\":\"Cr\u00e9ateur de jardins\",\"publisher\":{\"@id\":\"http:\/\/latelier-du-jardinier.com\/#organization\"},\"potentialAction\":[{\"@type\":\"SearchAction\",\"target\":{\"@type\":\"EntryPoint\",\"urlTemplate\":\"http:\/\/latelier-du-jardinier.com\/?s={search_term_string}\"},\"query-input\":{\"@type\":\"PropertyValueSpecification\",\"valueRequired\":true,\"valueName\":\"search_term_string\"}}],\"inLanguage\":\"fr-FR\"},{\"@type\":\"Organization\",\"@id\":\"http:\/\/latelier-du-jardinier.com\/#organization\",\"name\":\"L'atelier du Jardinier\",\"url\":\"http:\/\/latelier-du-jardinier.com\/\",\"logo\":{\"@type\":\"ImageObject\",\"inLanguage\":\"fr-FR\",\"@id\":\"http:\/\/latelier-du-jardinier.com\/#\/schema\/logo\/image\/\",\"url\":\"https:\/\/latelier-du-jardinier.com\/wp-content\/uploads\/2026\/01\/LOGO-ATELIER-DU-JARDINIER-scaled.png\",\"contentUrl\":\"https:\/\/latelier-du-jardinier.com\/wp-content\/uploads\/2026\/01\/LOGO-ATELIER-DU-JARDINIER-scaled.png\",\"width\":2560,\"height\":1811,\"caption\":\"L'atelier du Jardinier\"},\"image\":{\"@id\":\"http:\/\/latelier-du-jardinier.com\/#\/schema\/logo\/image\/\"}}]}<\/script>\n<!-- \/ Yoast SEO plugin. -->","yoast_head_json":{"title":"Mentions l\u00e9gales - L&#039;atelier du jardinier","description":"l'atelier du jardinier, paysagiste \u00e0 Rouen. Architecture du paysage","robots":{"index":"index","follow":"follow","max-snippet":"max-snippet:-1","max-image-preview":"max-image-preview:large","max-video-preview":"max-video-preview:-1"},"canonical":"http:\/\/latelier-du-jardinier.com\/?page_id=133","og_locale":"fr_FR","og_type":"article","og_title":"Mentions l\u00e9gales - L&#039;atelier du jardinier","og_description":"l'atelier du jardinier, paysagiste \u00e0 Rouen. Architecture du paysage","og_url":"http:\/\/latelier-du-jardinier.com\/?page_id=133","og_site_name":"L&#039;atelier du jardinier","article_modified_time":"2026-01-21T17:08:00+00:00","twitter_card":"summary_large_image","twitter_misc":{"Dur\u00e9e de lecture estim\u00e9e":"1 minute"},"schema":{"@context":"https:\/\/schema.org","@graph":[{"@type":"WebPage","@id":"http:\/\/latelier-du-jardinier.com\/?page_id=133","url":"http:\/\/latelier-du-jardinier.com\/?page_id=133","name":"Mentions l\u00e9gales - L&#039;atelier du jardinier","isPartOf":{"@id":"http:\/\/latelier-du-jardinier.com\/#website"},"datePublished":"2026-01-13T17:08:41+00:00","dateModified":"2026-01-21T17:08:00+00:00","description":"l'atelier du jardinier, paysagiste \u00e0 Rouen. Architecture du paysage","breadcrumb":{"@id":"http:\/\/latelier-du-jardinier.com\/?page_id=133#breadcrumb"},"inLanguage":"fr-FR","potentialAction":[{"@type":"ReadAction","target":["http:\/\/latelier-du-jardinier.com\/?page_id=133"]}]},{"@type":"BreadcrumbList","@id":"http:\/\/latelier-du-jardinier.com\/?page_id=133#breadcrumb","itemListElement":[{"@type":"ListItem","position":1,"name":"Accueil","item":"http:\/\/latelier-du-jardinier.com\/"},{"@type":"ListItem","position":2,"name":"Mentions l\u00e9gales"}]},{"@type":"WebSite","@id":"http:\/\/latelier-du-jardinier.com\/#website","url":"http:\/\/latelier-du-jardinier.com\/","name":"L'atelier du Jardinier","description":"Cr\u00e9ateur de jardins","publisher":{"@id":"http:\/\/latelier-du-jardinier.com\/#organization"},"potentialAction":[{"@type":"SearchAction","target":{"@type":"EntryPoint","urlTemplate":"http:\/\/latelier-du-jardinier.com\/?s={search_term_string}"},"query-input":{"@type":"PropertyValueSpecification","valueRequired":true,"valueName":"search_term_string"}}],"inLanguage":"fr-FR"},{"@type":"Organization","@id":"http:\/\/latelier-du-jardinier.com\/#organization","name":"L'atelier du Jardinier","url":"http:\/\/latelier-du-jardinier.com\/","logo":{"@type":"ImageObject","inLanguage":"fr-FR","@id":"http:\/\/latelier-du-jardinier.com\/#\/schema\/logo\/image\/","url":"https:\/\/latelier-du-jardinier.com\/wp-content\/uploads\/2026\/01\/LOGO-ATELIER-DU-JARDINIER-scaled.png","contentUrl":"https:\/\/latelier-du-jardinier.com\/wp-content\/uploads\/2026\/01\/LOGO-ATELIER-DU-JARDINIER-scaled.png","width":2560,"height":1811,"caption":"L'atelier du Jardinier"},"image":{"@id":"http:\/\/latelier-du-jardinier.com\/#\/schema\/logo\/image\/"}}]}},"uagb_featured_image_src":{"full":false,"thumbnail":false,"medium":false,"medium_large":false,"large":false,"1536x1536":false,"2048x2048":false,"vp_sm":false,"vp_md":false,"vp_lg":false,"vp_xl":false,"vp_sm_popup":false,"vp_md_popup":false,"vp_xl_popup":false},"uagb_author_info":{"display_name":"admin2627","author_link":"https:\/\/latelier-du-jardinier.com\/?author=1"},"uagb_comment_info":0,"uagb_excerpt":"Raison sociale&nbsp;: EI Antoine Legras Siege sociale&nbsp;: 22 Rue Brisout de Barneville 76100 Rouen SIREN&nbsp;: 984&nbsp;950&nbsp;659 Tel&nbsp;:&nbsp; 07 78 69 06 10 Mail&nbsp;: latelierdujardinier76mail.com \u00a9 2026 L&rsquo;atelier du jardinier | Cr\u00e9ateur de jardins | Tous droits r\u00e9serv\u00e9s","_links":{"self":[{"href":"https:\/\/latelier-du-jardinier.com\/index.php?rest_route=\/wp\/v2\/pages\/133","targetHints":{"allow":["GET"]}}],"collection":[{"href":"https:\/\/latelier-du-jardinier.com\/index.php?rest_route=\/wp\/v2\/pages"}],"about":[{"href":"https:\/\/latelier-du-jardinier.com\/index.php?rest_route=\/wp\/v2\/types\/page"}],"author":[{"embeddable":true,"href":"https:\/\/latelier-du-jardinier.com\/index.php?rest_route=\/wp\/v2\/users\/1"}],"replies":[{"embeddable":true,"href":"https:\/\/latelier-du-jardinier.com\/index.php?rest_route=%2Fwp%2Fv2%2Fcomments&post=133"}],"version-history":[{"count":2,"href":"https:\/\/latelier-du-jardinier.com\/index.php?rest_route=\/wp\/v2\/pages\/133\/revisions"}],"predecessor-version":[{"id":339,"href":"https:\/\/latelier-du-jardinier.com\/index.php?rest_route=\/wp\/v2\/pages\/133\/revisions\/339"}],"wp:attachment":[{"href":"https:\/\/latelier-du-jardinier.com\/index.php?rest_route=%2Fwp%2Fv2%2Fmedia&parent=133"}],"curies":[{"name":"wp","href":"https:\/\/api.w.org\/{rel}","templated":true}]}}